{"id":320,"date":"2019-02-28T08:20:59","date_gmt":"2019-02-28T07:20:59","guid":{"rendered":"https:\/\/gekho.fr\/Template\/photographe\/?page_id=320"},"modified":"2019-02-28T08:25:15","modified_gmt":"2019-02-28T07:25:15","slug":"actualites","status":"publish","type":"page","link":"https:\/\/gekho.fr\/Template\/photographe\/actualites\/","title":{"rendered":"Actualit\u00e9s"},"content":{"rendered":"<p style=\"text-align: center;\"><strong>Pas le temps d\u2019\u00e9crire des articles d\u2019actualit\u00e9s ?<\/strong><\/p>\n<p style=\"text-align: center;\">Remplacez votre \u00ab\u00a0blog\u00a0\u00bb par un \u00ab\u00a0Social Wall\u00a0\u00bb comme celui-ci, mis \u00e0 jour en temps r\u00e9el avec vos principaux r\u00e9seaux sociaux !<\/p>\n<link rel='stylesheet' id='ff-dynamic-css1' type='text\/css' href='https:\/\/gekho.fr\/Template\/photographe\/wp-content\/resources\/flow-flow\/css\/stream-id1.css?ver=1551338789'\/><!-- Flow-Flow \u2014 Social stream plugin for WordPress -->\n<div class=\"ff-stream\" data-plugin=\"flow_flow\" id=\"ff-stream-1\"><span class=\"ff-loader\"><span class=\"ff-square\" ><\/span><span class=\"ff-square\"><\/span><span class=\"ff-square ff-last\"><\/span><span class=\"ff-square ff-clear\"><\/span><span class=\"ff-square\"><\/span><span class=\"ff-square ff-last\"><\/span><span class=\"ff-square ff-clear\"><\/span><span class=\"ff-square\"><\/span><span class=\"ff-square ff-last\"><\/span><\/span><\/div>\n<script type=\"text\/javascript\" class=\"ff-stream-inline-js\" id=\"ff-stream-inline-js-1\">\n\n    (function () {\n        var timer, abortTimer;\n\n        timer = setInterval( function() {\n            if ( window.jQuery ) {\n                clearInterval( timer );\n                afterContentArrived( window.jQuery );\n            }\n        }, 67);\n\n        abortTimer = setTimeout( function () {\n\n            if ( !window.jQuery ) {\n                clearInterval( timer );\n                console.log('FLOW-FLOW DEBUG MESSAGE: No jQuery on page, please make sure it\\'s loaded as jQuery is plugin requirement')\n            }\n        }, 20000);\n\n        function afterContentArrived ( $ ) {\n\n            \"use strict\";\n\n            var hash = '1777980743.1dd02d27890b002a66ca8c6e9ca1b90abe662d82be6bbdd41d271a63e0e9b17d140398bb74a26f19790306d12c554bfd';\n\n            var opts = window.FlowFlowOpts || {\"streams\":{},\"open_in_new\":\"nope\",\"filter_all\":\"Tout\",\"filter_search\":\"Rechercher\",\"expand_text\":\"Voir plus\",\"collapse_text\":\"R\\u00e9duire\",\"posted_on\":\"Post\\u00e9 sur\",\"followers\":\"Abonn\\u00e9s\",\"following\":\"Abonnements\",\"posts\":\"Publications\",\"show_more\":\"Voir plus\",\"date_style\":\"wpStyleDate\",\"dates\":{\"Yesterday\":\"Hier\",\"s\":\"s\",\"m\":\"m\",\"h\":\"h\",\"ago\":\"plus t\\u00f4t\",\"months\":[\"Jan\",\"F\\u00e9v\",\"Mars\",\"Avril\",\"Mai\",\"Juin\",\"Juillet\",\"Ao\\u00fbt\",\"Sept\",\"Oct\",\"Nov\",\"D\\u00e9c\"]},\"lightbox_navigate\":\"Naviguez avec les touches fl\\u00e9ch\\u00e9es\",\"view_on\":\"Voir sur\",\"view_on_site\":\"Voir sur le site\",\"view_all\":\"Voir tout\",\"comments\":\"commentaires\",\"scroll\":\"D\\u00e9filer pour plus\",\"no_comments\":\"Aucun commentaire pour l'instant.\",\"be_first\":\"Soyez le premier !\",\"loading\":\"Loading\",\"server_time\":1778018319,\"forceHTTPS\":\"nope\",\"isAdmin\":false,\"ajaxurl\":\"https:\\\/\\\/gekho.fr\\\/Template\\\/photographe\\\/wp-admin\\\/admin-ajax.php\",\"isLog\":false,\"plugin_base\":\"https:\\\/\\\/gekho.fr\\\/Template\\\/photographe\\\/wp-content\\\/plugins\\\/flow-flow-social-streams\",\"plugin_ver\":\"4.6.23\",\"domain\":\"gekho.fr\",\"token\":\"\"};\n\n            var isLS = isLocalStorageNameSupported();\n\n            var FF_resource = window.FF_resource ||\n                {\n                    scriptDeferred: $.Deferred(),\n                    styleDeferred:  $.Deferred(),\n                    scriptLoading: false,\n                    styleLoading: false\n                };\n\n            if ( !window.FF_resource ) window.FF_resource = FF_resource;\n            if ( !window.FlowFlowOpts ) window.FlowFlowOpts = opts;\n\n            var data = {\n                'shop': 'gekho.fr',\n                'action': 'fetch_posts',\n                'stream-id': '1',\n                'disable-cache': '',\n                'hash': hash,\n                'page': '0',\n                'preview': '0',\n                'token':  '',\n                'boosted': '0'\n            };\n\n            var isMobile = \/android|blackBerry|iphone|ipad|ipod|opera mini|iemobile\/i.test( navigator.userAgent );\n\n            var streamOpts = {\"name\":\"actu\",\"moderation\":\"nope\",\"order\":\"compareByTime\",\"posts\":\"30\",\"days\":\"\",\"page-posts\":\"15\",\"cache\":\"yep\",\"cache_lifetime\":\"10\",\"gallery\":\"yep\",\"private\":\"nope\",\"hide-on-desktop\":\"nope\",\"hide-on-mobile\":\"nope\",\"max-res\":\"nope\",\"show-only-media-posts\":\"nope\",\"titles\":\"nope\",\"hidemeta\":\"nope\",\"hidetext\":\"nope\",\"heading\":\"\",\"headingcolor\":\"rgb(59, 61, 64)\",\"subheading\":\"\",\"subheadingcolor\":\"rgb(114, 112, 114)\",\"hhalign\":\"center\",\"bgcolor\":\"rgb(240, 240, 240)\",\"filter\":\"yep\",\"filtercolor\":\"rgb(205, 205, 205)\",\"mobileslider\":\"nope\",\"viewportin\":\"yep\",\"width\":\"260\",\"margin\":\"20\",\"layout\":\"masonry\",\"theme\":\"classic\",\"gc-style\":\"style-1\",\"upic-pos\":\"timestamp\",\"upic-style\":\"round\",\"icon-style\":\"label1\",\"cardcolor\":\"rgb(255, 255, 255)\",\"namecolor\":\"rgb(59, 61, 64)\",\"textcolor\":\"rgb(131, 141, 143)\",\"linkscolor\":\"rgb(94, 159, 202)\",\"restcolor\":\"rgb(131, 141, 143)\",\"shadow\":\"rgba(0, 0, 0, 0.05)\",\"bcolor\":\"rgba(240, 237, 231, 0.4)\",\"talign\":\"left\",\"icons-style\":\"outline\",\"cards-num\":\"3\",\"scrolltop\":\"yep\",\"c-desktop\":\"5\",\"c-laptop\":\"4\",\"c-tablet-l\":\"3\",\"c-tablet-p\":\"2\",\"c-smart-l\":\"2\",\"c-smart-p\":\"1\",\"s-desktop\":\"15\",\"s-laptop\":\"15\",\"s-tablet-l\":\"10\",\"s-tablet-p\":\"10\",\"s-smart-l\":\"5\",\"s-smart-p\":\"5\",\"m-c-desktop\":\"3\",\"m-c-laptop\":\"3\",\"m-c-tablet-l\":\"3\",\"m-c-tablet-p\":\"2\",\"m-c-smart-l\":\"2\",\"m-c-smart-p\":\"1\",\"m-s-desktop\":\"15\",\"m-s-laptop\":\"15\",\"m-s-tablet-l\":\"10\",\"m-s-tablet-p\":\"10\",\"m-s-smart-l\":\"5\",\"m-s-smart-p\":\"5\",\"j-h-desktop\":\"260\",\"j-h-laptop\":\"240\",\"j-h-tablet-l\":\"220\",\"j-h-tablet-p\":\"200\",\"j-h-smart-l\":\"180\",\"j-h-smart-p\":\"160\",\"j-s-desktop\":\"0\",\"j-s-laptop\":\"0\",\"j-s-tablet-l\":\"0\",\"j-s-tablet-p\":\"0\",\"j-s-smart-l\":\"0\",\"j-s-smart-p\":\"0\",\"g-ratio-w\":\"1\",\"g-ratio-h\":\"2\",\"g-ratio-img\":\"1\\\/2\",\"g-overlay\":\"nope\",\"m-overlay\":\"nope\",\"css\":\"\",\"template\":[\"image\",\"header\",\"text\",\"meta\"],\"tv\":\"nope\",\"tv-int\":\"5\",\"tv-logo\":\"\",\"tv-bg\":\"\",\"big\":\"nope\",\"id\":\"1\",\"status\":\"0\",\"last_changes\":1551338789,\"feeds\":[{\"id\":\"nd01803\",\"errors\":[],\"status\":\"1\",\"enabled\":\"yep\",\"last_update\":\"Mai 5 21:10\",\"cache_lifetime\":\"120\",\"system_enabled\":\"1\",\"boosted\":\"nope\",\"content\":\"gekho\",\"mod\":\"nope\",\"type\":\"pinterest\",\"include\":\"\",\"filter-by-words\":\"\"},{\"id\":\"ri62380\",\"errors\":[{\"url\":\"https:\\\/\\\/graph.facebook.com\\\/v7.0\\\/me\\\/accounts%3faccess_token=EAAJWN9ls81sBAIylck2UNfU3zsEISpL7kV1vo5BZBUMuEuaks56NlXAQE9X5FZAKwdBHrybRB5IF8wIk6M7YIzph7MiItX7GBRqQhJ3NYe0x2VteaQeoJzVIUnF0AIPTENZB7kinr5pV8gki09ZBWH3hnPgTlmDiApao2ncngQZDZD\",\"message\":\"The access token could not be decrypted\",\"type\":\"instagram\"}],\"status\":\"0\",\"enabled\":\"nope\",\"last_update\":\"N\\\/A\",\"cache_lifetime\":\"120\",\"system_enabled\":\"0\",\"boosted\":\"nope\",\"timeline-type\":\"user_timeline\",\"content\":\"gekhocreations\",\"posts\":\"10\",\"mod\":\"nope\",\"type\":\"instagram\",\"include\":\"\",\"filter-by-words\":\"\"},{\"id\":\"vt24382\",\"errors\":[{\"url\":\"https:\\\/\\\/graph.facebook.com\\\/v3.3\\\/gekho.designerweb\\\/posts?fields=likes.summary(true),comments.summary(true),shares,permalink_url,id,created_time,from,message,picture,full_picture,attachments,status_type,story&limit=30&locale=fr_FR&access_token=EAAJWN9ls81sBAIylck2UNfU3zsEISpL7kV1vo5BZBUMuEuaks56NlXAQE9X5FZAKwdBHrybRB5IF8wIk6M7YIzph7MiItX7GBRqQhJ3NYe0x2VteaQeoJzVIUnF0AIPTENZB7kinr5pV8gki09ZBWH3hnPgTlmDiApao2ncngQZDZD\",\"message\":\"The access token could not be decrypted\",\"type\":\"facebook\"}],\"status\":\"0\",\"enabled\":\"nope\",\"last_update\":\"N\\\/A\",\"cache_lifetime\":\"120\",\"system_enabled\":\"0\",\"boosted\":\"nope\",\"timeline-type\":\"page_timeline\",\"content\":\"gekho.designerweb\",\"posts\":\"10\",\"mod\":\"nope\",\"type\":\"facebook\",\"include\":\"\",\"filter-by-words\":\"\"}],\"preview\":false};\n            var ads = false;\n            streamOpts.plugin = 'flow_flow';\n            streamOpts.trueLayout = streamOpts.layout;\n\n            \/*we will modify 'grid' layout to get 'carousel' layout*\/\n            if ( streamOpts.layout == 'carousel' ) {\n                streamOpts['layout'] = 'grid';\n                streamOpts['g-ratio-h'] = \"1\";\n                streamOpts['g-ratio-img'] = \"1\/2\";\n                streamOpts['g-ratio-w'] = \"1\";\n                streamOpts['g-overlay'] = \"yep\";\n                streamOpts['c-overlay'] = \"yep\";\n                streamOpts['s-desktop'] = \"0\";\n                streamOpts['s-laptop'] = \"0\";\n                streamOpts['s-smart-l'] = \"0\";\n                streamOpts['s-smart-p'] = \"0\";\n                streamOpts['s-tablet-l'] = \"0\";\n                streamOpts['s-tablet-p'] = \"0\";\n            }\n            else if ( streamOpts.layout == 'list' ) {  \/*the same with list, we only need news feed style*\/\n                streamOpts['layout'] = 'masonry';\n            }\n\n            if ( streamOpts.cloud !== 'yep' ) {\n\t            streamOpts['gallery'] = 'nope';\n\t            streamOpts['max-res'] = 'nope';\n\t            streamOpts['filter'] = 'nope';\n\t            streamOpts['layout'] = 'masonry';\n            }\n\n\t        if ( ads ) streamOpts.ads = ads;\n\n            opts.streams['stream' + streamOpts.id] = streamOpts;\n\n            var $cont = $(\"[data-plugin='flow_flow']#ff-stream-\"+data['stream-id']);\n            var ajaxDeferred;\n            var script, style;\n            var layout_pre = streamOpts.layout.charAt(0);\n            var isOverlay = layout_pre === 'j' || streamOpts[layout_pre + '-overlay'] === 'yep' && streamOpts.trueLayout !== 'list';\n            var imgIndex;\n            if (isOverlay) {\n                if (streamOpts.template[0] !== 'image') {\n                    for (var i = 0, len = streamOpts.template.length; i < len; i++) {\n                        if (streamOpts.template[i] === 'image') imgIndex = i;\n                    }\n                    streamOpts.template.splice(0, 0, streamOpts.template.splice(imgIndex, 1)[0]);\n                }\n                streamOpts.isOverlay = true;\n            };\n            if (FF_resource.scriptDeferred.state() === 'pending' && !FF_resource.scriptLoading) {\n                script = document.createElement('script');\n                script.src = \"https:\/\/gekho.fr\/Template\/photographe\/wp-content\/plugins\/flow-flow-social-streams\/js\/public.js?ver=4.6.23\";\n                script.onload = function( script, textStatus ) {\n                    FF_resource.scriptDeferred.resolve();\n                };\n                document.body.appendChild(script);\n                FF_resource.scriptLoading = true;\n            };\n            if (FF_resource.styleDeferred.state() === 'pending' && !FF_resource.styleLoading) {\n                style = document.createElement('link');\n                style.type = \"text\/css\";\n                style.id = \"ff_style\";\n                style.rel = \"stylesheet\";\n                style.href = \"https:\/\/gekho.fr\/Template\/photographe\/wp-content\/plugins\/flow-flow-social-streams\/css\/public.css?ver=4.6.23\";\n                style.media = \"screen\";\n                style.onload = function( script, textStatus ) {\n                    FF_resource.styleDeferred.resolve();\n                };\n                document.getElementsByTagName(\"head\")[0].appendChild(style);\n                FF_resource.styleLoading = true;\n            }\n            $cont.addClass('ff-layout-' + streamOpts.trueLayout);\n            if (!isMobile && streamOpts.trueLayout !== 'carousel') $cont.css('minHeight', '500px');\n            ajaxDeferred = isLS && sessionStorage.getItem(hash) ? {} : $.get(opts.ajaxurl, data)\n;\n            $.when( ajaxDeferred, FF_resource.scriptDeferred, FF_resource.styleDeferred ).done(function ( data ) {\n                var response, $errCont, err;\n                var moderation = 0;\n                var original = (isLS && sessionStorage.getItem(hash)) ? JSON.parse( sessionStorage.getItem(hash) ) : data[0];\n                try {\n                    \/* response = JSON.parse(original); *\/\n                    response = original; \/* since 4.1 *\/\n                } catch (e) {\n                    window.console && window.console.log('FLOW-FLOW: invalid data from server');\n                    if (opts.isAdmin || opts.isLog) {\n\t                    $errCont = $('<' + 'div class=\"ff-errors\"><' + 'div class=\"ff-disclaim\">If you see this message then you have administrator permissions and Flow-Flow got invalid data from server. Please provide error message below if you are doing support request.<' + '\/div><' + 'div class=\"ff-err-info\"><'+'\/div><'+'\/div>');\n\t                    $cont.before($errCont);\n                        $errCont.find('.ff-err-info').html(original == '' ? 'Empty response from server' : original);\n                    }\n                    return;\n                }\n\n                if ( ! response ) {\n                \tconsole.log( 'FLOW-FLOW: null response from server' );\n                \treturn;\n                }\n\n                \/\/ injecting ads for cloud streams\n                if ( ads ) {\n\n                \tvar newArr = [];\n\n                \tvar post, ad;\n\n                \tfor ( var i = 0, len = response.items.length; i < len; i++ ) {\n\n\t\t                post = response.items[ i ];\n\n                \t\tif ( ads[ i ] ) {\n\n                \t\t\tad = ads[ i ];\n                            ad.id = 'ad_el_' + ad.id;\n                            newArr.push ( ad );\n\n\t\t\t                delete ads[ i ];\n                        }\n\n                        newArr.push( post );\n                    }\n\n                    response.items = newArr;\n                }\n\n                opts.streams['stream' + streamOpts.id]['items'] = response;\n                if (!FlowFlowOpts.dependencies) FlowFlowOpts.dependencies = {};\n                \n                FlowFlow.extensionResourcesRequests = FlowFlow.extensionResourcesRequests || [];\n                var request, extension, style;\n\n                for ( extension in FlowFlowOpts.dependencies ) {\n                    if ( FlowFlowOpts.dependencies[extension] && FlowFlowOpts.dependencies[extension] !== 'loaded') {\n                        request = $.getScript( opts.plugin_base + '-' + extension + '\/js\/ff_' + extension + '_public.js?ver=4.6.23');\n                        FlowFlow.extensionResourcesRequests.push(request);\n\n                        style = document.createElement('link');\n                        style.type = \"text\/css\";\n                        style.rel = \"stylesheet\";\n                        style.id = \"ff_ad_style\";\n                        style.href = opts.plugin_base + '-' + extension + '\/css\/ff_' + extension + '_public.css?ver=4.6.23';\n                        style.media = \"screen\";\n                        document.getElementsByTagName(\"head\")[0].appendChild(style);\n\n                        FlowFlowOpts.dependencies[extension] = 'loaded';\n                    }\n                }\n\n                var resourcesLoaded = $.when.apply($, FlowFlow.extensionResourcesRequests);\n\n                resourcesLoaded.done(function(){\n                    var $stream, width;\n                    console.log(response);\n\n                    $stream = FlowFlow.buildStreamWith(response, streamOpts, moderation, FlowFlowOpts.dependencies);\n\n                    if (isLS && response.items.length > 0 && response.hash.length > 0) sessionStorage.setItem( response.hash, JSON.stringify( original ) );\n\n                    var num = streamOpts.layout === 'compact' || (streamOpts.mobileslider === 'yep' && isMobile)? (streamOpts.mobileslider === 'yep' ? 3 : streamOpts['cards-num']) : false;\n\n                    $cont.append( $stream );\n\n                    if ( typeof $stream !== 'string' ) {\n                        FlowFlow.setupGrid($cont.find('.ff-stream-wrapper'), num, streamOpts.scrolltop === 'yep', streamOpts.gallery === 'yep', streamOpts, $cont);\n                    }\n\n                    setTimeout(function(){\n                        $cont.find('.ff-header').removeClass('ff-loading').end().find('.ff-loader').addClass('ff-squeezed').delay(300).hide();\n                    }, 0);\n\n                    \n                }).fail(function(){\n                    console.log('Flow-Flow: resource loading failed');\n                });\n\n                var isErr = response.status === \"errors\";\n                if ((opts.isAdmin || opts.isLog) && isErr) {\n\t                $errCont = $('<'+'div class=\"ff-errors\"><'+'div class=\"ff-err-info\">If you see this then you are administrator and Flow-Flow got errors from APIs while requesting data. Please go to plugin admin and after refreshing page check for error(s) on stream settings page. Please provide error message info if you are doing support request.<'+'\/div><'+'\/div>');\n\t                $cont.before($errCont);\n                }\n            });\n\n            function isLocalStorageNameSupported() {\n                var testKey = 'test', storage = window.sessionStorage;\n                try {\n                    storage.setItem(testKey, '1');\n                    storage.removeItem(testKey);\n                    return true;\n                } catch (error) {\n                    return false;\n                }\n            };\n\n            return false;\n        }\n    })()\n\n<\/script>\n<!-- Flow-Flow \u2014 Social streams plugin for Wordpress -->\n","protected":false},"excerpt":{"rendered":"<p>Pas le temps d\u2019\u00e9crire des articles d\u2019actualit\u00e9s ? Remplacez votre \u00ab\u00a0blog\u00a0\u00bb par un \u00ab\u00a0Social Wall\u00a0\u00bb comme celui-ci, mis \u00e0 jour en temps r\u00e9el avec vos principaux r\u00e9seaux sociaux !<\/p>\n","protected":false},"author":1,"featured_media":0,"parent":0,"menu_order":0,"comment_status":"closed","ping_status":"closed","template":"","meta":{"spay_email":""},"jetpack_shortlink":"https:\/\/wp.me\/PaL9tm-5a","jetpack-related-posts":[{"id":354,"url":"https:\/\/gekho.fr\/Template\/photographe\/home3\/","url_meta":{"origin":320,"position":0},"title":"Home3","date":"28 f\u00e9vrier 2019","format":false,"excerpt":"[vc_row row_type=\"parallax\" anchor=\"infos\" text_align=\"center\" background_image=\"236\" full_screen_section_height=\"no\"][vc_column css=\".vc_custom_1459243501959{padding-top: 18% !important;padding-bottom: 19% !important;}\"][vc_column_text css=\".vc_custom_1551342783218{padding-top: 100px !important;}\"] Bonjour ! Je m'appelle Anna ! [\/vc_column_text][vc_empty_space height=\"7px\"][vc_column_text] Je suis photographe et vid\u00e9aste [\/vc_column_text][vc_empty_space height=\"44px\"][\/vc_column][\/vc_row][vc_row row_type=\"row\" use_row_as_full_screen_section=\"no\" type=\"grid\" anchor=\"portfolio\" text_align=\"left\" background_animation=\"none\" css_animation=\"\" css=\".vc_custom_1551343524153{margin-bottom: 40px !important;padding-top: 30px !important;}\"][vc_column][vc_column_text css=\".vc_custom_1551343560265{padding-bottom: 30px !important;}\"] Mon portfolio [\/vc_column_text][\/vc_column][\/vc_row][vc_row row_type=\"row\" use_row_as_full_screen_section=\"no\" type=\"grid\"\u2026","rel":"","context":"Article similaire","img":{"alt_text":"","src":"","width":0,"height":0},"classes":[]},{"id":8,"url":"https:\/\/gekho.fr\/Template\/photographe\/a-propos\/","url_meta":{"origin":320,"position":1},"title":"A propos","date":"29 mars 2016","format":false,"excerpt":"[vc_row row_type=\"parallax\" text_align=\"center\" background_image=\"236\" full_screen_section_height=\"yes\" vertically_align_content_in_middle=\"yes\"][vc_column css=\".vc_custom_1460443605000{padding-top: 15% !important;padding-bottom: 5% !important;}\"][vc_column_text] Bonjour ! mon pr\u00e9nom est Anna ! [\/vc_column_text][vc_empty_space height=\"17px\"][vc_column_text css=\".vc_custom_1551287908346{padding-right: 9% !important;padding-left: 9% !important;}\"][\/vc_column_text][vc_empty_space height=\"79px\"][vc_row_inner row_type=\"row\" type=\"full_width\" use_row_as_full_screen_section_slide=\"no\" text_align=\"center\" css_animation=\"\"][vc_column_inner offset=\"vc_col-lg-4 vc_col-md-4\"][vc_column_text] Reportage photo [\/vc_column_text][vc_empty_space height=\"22px\"][vc_column_text]Lorem ipsum dolor sit amet, consectetuer adipiscing elit, sed diam nonummy nibh euismod tincidunt\u2026","rel":"","context":"Article similaire","img":{"alt_text":"","src":"","width":0,"height":0},"classes":[]}],"_links":{"self":[{"href":"https:\/\/gekho.fr\/Template\/photographe\/wp-json\/wp\/v2\/pages\/320"}],"collection":[{"href":"https:\/\/gekho.fr\/Template\/photographe\/wp-json\/wp\/v2\/pages"}],"about":[{"href":"https:\/\/gekho.fr\/Template\/photographe\/wp-json\/wp\/v2\/types\/page"}],"author":[{"embeddable":true,"href":"https:\/\/gekho.fr\/Template\/photographe\/wp-json\/wp\/v2\/users\/1"}],"replies":[{"embeddable":true,"href":"https:\/\/gekho.fr\/Template\/photographe\/wp-json\/wp\/v2\/comments?post=320"}],"version-history":[{"count":0,"href":"https:\/\/gekho.fr\/Template\/photographe\/wp-json\/wp\/v2\/pages\/320\/revisions"}],"wp:attachment":[{"href":"https:\/\/gekho.fr\/Template\/photographe\/wp-json\/wp\/v2\/media?parent=320"}],"curies":[{"name":"wp","href":"https:\/\/api.w.org\/{rel}","templated":true}]}}